{"id":3,"date":"2020-08-27T08:55:49","date_gmt":"2020-08-27T06:55:49","guid":{"rendered":"https:\/\/mspark.ac\/ru\/?page_id=3"},"modified":"2020-11-25T14:49:36","modified_gmt":"2020-11-25T13:49:36","slug":"private-policy","status":"publish","type":"page","link":"https:\/\/mspark.ac\/ru\/private-policy\/","title":{"rendered":"Private policy"},"content":{"rendered":"\t\t<div data-elementor-type=\"wp-page\" data-elementor-id=\"3\" class=\"elementor elementor-3\" data-elementor-post-type=\"page\">\n\t\t\t\t\t\t\t\t\t<section class=\"elementor-section elementor-top-section elementor-element elementor-element-de21427 elementor-section-boxed elementor-section-height-default elementor-section-height-default\" data-id=\"de21427\" data-element_type=\"section\" data-settings=\"{&quot;jet_parallax_layout_list&quot;:[{&quot;jet_parallax_layout_image&quot;:{&quot;url&quot;:&quot;&quot;,&quot;id&quot;:&quot;&quot;,&quot;size&quot;:&quot;&quot;},&quot;_id&quot;:&quot;&quot;,&quot;jet_parallax_layout_image_tablet&quot;:{&quot;url&quot;:&quot;&quot;,&quot;id&quot;:&quot;&quot;,&quot;size&quot;:&quot;&quot;},&quot;jet_parallax_layout_image_mobile&quot;:{&quot;url&quot;:&quot;&quot;,&quot;id&quot;:&quot;&quot;,&quot;size&quot;:&quot;&quot;},&quot;jet_parallax_layout_speed&quot;:{&quot;unit&quot;:&quot;%&quot;,&quot;size&quot;:50,&quot;sizes&quot;:[]},&quot;jet_parallax_layout_type&quot;:&quot;scroll&quot;,&quot;jet_parallax_layout_direction&quot;:null,&quot;jet_parallax_layout_fx_direction&quot;:null,&quot;jet_parallax_layout_z_index&quot;:&quot;&quot;,&quot;jet_parallax_layout_bg_x&quot;:50,&quot;jet_parallax_layout_bg_x_tablet&quot;:&quot;&quot;,&quot;jet_parallax_layout_bg_x_mobile&quot;:&quot;&quot;,&quot;jet_parallax_layout_bg_y&quot;:50,&quot;jet_parallax_layout_bg_y_tablet&quot;:&quot;&quot;,&quot;jet_parallax_layout_bg_y_mobile&quot;:&quot;&quot;,&quot;jet_parallax_layout_bg_size&quot;:&quot;auto&quot;,&quot;jet_parallax_layout_bg_size_tablet&quot;:&quot;&quot;,&quot;jet_parallax_layout_bg_size_mobile&quot;:&quot;&quot;,&quot;jet_parallax_layout_animation_prop&quot;:&quot;transform&quot;,&quot;jet_parallax_layout_on&quot;:[&quot;desktop&quot;,&quot;tablet&quot;]}]}\">\n\t\t\t\t\t\t<div class=\"elementor-container elementor-column-gap-default\">\n\t\t\t\t\t<div class=\"elementor-column elementor-col-100 elementor-top-column elementor-element elementor-element-72b128ae\" data-id=\"72b128ae\" data-element_type=\"column\">\n\t\t\t<div class=\"elementor-widget-wrap elementor-element-populated\">\n\t\t\t\t\t\t\t\t<div class=\"elementor-element elementor-element-746ea06 elementor-widget elementor-widget-heading\" data-id=\"746ea06\" data-element_type=\"widget\" data-widget_type=\"heading.default\">\n\t\t\t\t<div class=\"elementor-widget-container\">\n\t\t\t<h1 class=\"elementor-heading-title elementor-size-default\">Polityka prywatno\u015bci<\/h1>\t\t<\/div>\n\t\t\t\t<\/div>\n\t\t\t\t<div class=\"elementor-element elementor-element-487a96ff elementor-widget elementor-widget-text-editor\" data-id=\"487a96ff\" data-element_type=\"widget\" data-widget_type=\"text-editor.default\">\n\t\t\t\t<div class=\"elementor-widget-container\">\n\t\t\t\t\t\t\t<p><!-- wp:heading --><\/p>\n<ol>\n<li>Niniejsza polityka prywatno\u015bci (\u201ePolityka Prywatno\u015bci\u201d) okre\u015bla zasady przetwarzania danych osobowych pozyskanych za po\u015brednictwem serwisu internetowego, dost\u0119pnego pod adresem: www.mspark.ac (\u201eSerwis\u201d).<\/li>\n<li>W\u0142a\u015bcicielem Serwisu i Administratorem Danych Osobowych jest KnowledgeHub Akcelerator sp. z o.o. z siedzib\u0105 w Warszawie, aleja Jana Paw\u0142a II 27, 00-867 Warszawa, wpisana do rejestru przedsi\u0119biorc\u00f3w Krajowego Rejestru S\u0105dowego prowadzonego przez S\u0105d Rejonowy dla m.st. Warszawy w Warszawie, XIII Wydzia\u0142 Gospodarczy Krajowego Rejestru S\u0105dowego pod numerem KRS: 0000720614, NIP: 1182167372, REGON: 369559655, zwana dalej \u201eKnowledgeHub Akcelerator\u201d.<\/li>\n<li>Dane osobowe zbierane przez KnowledgeHub Akcelerator za po\u015brednictwem Serwisu s\u0105 przetwarzane zgodnie z Rozporz\u0105dzeniem Parlamentu Europejskiego i Rady (UE) 2016\/679 z dnia 27 kwietnia 2016 r. w sprawie ochrony os\u00f3b fizycznych w zwi\u0105zku z przetwarzaniem danych osobowych i w sprawie swobodnego przep\u0142ywu takich danych oraz uchylenia dyrektywy 95\/46\/WE (og\u00f3lne rozporz\u0105dzenie o ochronie danych), zwanym r\u00f3wnie\u017c og\u00f3lnym rozporz\u0105dzeniem RODO.<\/li>\n<li>KnowledgeHub Akcelerator dok\u0142ada szczeg\u00f3lnej staranno\u015bci do poszanowania prywatno\u015bci u\u017cytkownik\u00f3w odwiedzaj\u0105cych Serwis.<\/li>\n<\/ol>\n<p><!-- \/wp:paragraph -->\n\n<!-- wp:heading --><\/p>\n<h2>CEL, ZAKRES I PODSTAWA PRAWNA PRZETWARZANIA<\/h2>\n<p><!-- \/wp:paragraph -->\n\n<!-- wp:paragraph --><\/p>\n<ol>\n<li>KnowledgeHub Akcelerator zbiera informacje dotycz\u0105ce os\u00f3b fizycznych prowadz\u0105cych we w\u0142asnym imieniu dzia\u0142alno\u015b\u0107 gospodarcz\u0105 oraz os\u00f3b fizycznych reprezentuj\u0105cych osoby prawne lub jednostki organizacyjne nieb\u0119d\u0105ce osobami prawnymi, kt\u00f3re posiadaj\u0105 zdolno\u015b\u0107 prawn\u0105, okre\u015blanych na potrzeby niniejszej Polityki Prywatno\u015bci U\u017cytkownikami Serwisu.<\/li>\n<li>Dane osobowe U\u017cytkownik\u00f3w Serwisu s\u0105 zbierane w przypadku korzystania z us\u0142ugi formularza kontaktowego w Serwisie (dost\u0119pnego w zak\u0142adce \u201eZg\u0142o\u015b si\u0119\u201d) w celu zg\u0142oszenia projektu (\u201eUs\u0142uga formularza kontaktowego\u201d). Podstawa prawna: niezb\u0119dno\u015b\u0107 do wykonania umowy o \u015bwiadczenie us\u0142ugi formularza kontaktowego (art. 6 ust. 1 lit. b RODO).<\/li>\n<li>W przypadku skorzystania z Us\u0142ugi formularza kontaktowego w celu zg\u0142oszenia projektu U\u017cytkownik Serwisu podaje nast\u0119puj\u0105ce dane:<br \/>\n<ol class=\"lower-roman\">\n<li>imi\u0119 i nazwisko;<\/li>\n<li>adres e-mail i numer telefonu;<\/li>\n<li>informacje o reprezentowanym przez niego projekcie (m.in. nazw\u0119, stron\u0119 internetow\u0105, opis projektu wraz z za\u0142\u0105cznikiem w postaci prezentacji).<\/li>\n<\/ol>\n<\/li>\n<li>Podczas korzystania z Serwisu mog\u0105 by\u0107 zbierane dodatkowe informacje, w szczeg\u00f3lno\u015bci: adres IP przypisany do komputera U\u017cytkownika lub zewn\u0119trzny adres IP dostawcy Internetu.<\/li>\n<li>Przekazanie danych osobowych do KnowledgeHub Akcelerator podczas korzystania z Serwisu jest dobrowolne.<\/li>\n<li>Serwis zawiera linki i odno\u015bniki do innych stron internetowych. KnowledgeHub Akcelerator nie ponosi odpowiedzialno\u015bci za zasady ochrony prywatno\u015bci na nich obowi\u0105zuj\u0105ce.<\/li>\n<\/ol>\n<h2>UDOST\u0118PNIANIE I RETENCJA DANYCH OSOBOWYCH<\/h2>\n<ol>\n<li>Dane osobowe U\u017cytkownika Serwisu mog\u0105 by\u0107 przekazywane dostawcom us\u0142ug, z kt\u00f3rych korzysta KnowledgeHub Akcelerator przy prowadzeniu Serwisu. W przypadku przekazania danych dostawcy, odbywa si\u0119 to zgodnie z art. 28 ust. 3 RODO, a wi\u0119c na podstawie umowy lub innego instrumentu prawnego, kt\u00f3re podlegaj\u0105 prawu Unii Europejskiej lub prawu pa\u0144stwa cz\u0142onkowskiego.<\/li>\n<li>KnowledgeHub Akcelerator korzysta z dostawc\u00f3w, kt\u00f3rzy przetwarzaj\u0105 dane osobowe wy\u0142\u0105cznie na polecenie KnowledgeHub Akcelerator. Mog\u0105 to by\u0107 m.in. dostawcy \u015bwiadcz\u0105cy us\u0142ug\u0119 hostingu, dostarczaj\u0105cy systemy do marketingu, systemy do analizy ruchu w serwisie internetowym.<\/li>\n<li>Dostawcy us\u0142ug maj\u0105 siedzib\u0119 g\u0142\u00f3wnie w Polsce i w innych krajach Europejskiego Obszaru Gospodarczego (EOG).<\/li>\n<li>Przewidywanymi odbiorcami danych osobowych U\u017cytkownik\u00f3w Serwisu mog\u0105 by\u0107 r\u00f3wnie\u017c:\n<p>GroupM sp. z o.o. z siedzib\u0105 w Warszawie (02-593), przy ulicy \u017baryna 2B, wpisan\u0105 do Rejestru Przedsi\u0119biorc\u00f3w Krajowego Rejestru S\u0105dowego prowadzonego przez S\u0105d Rejonowy dla miasta st. Warszawy, XIII Wydzia\u0142 Gospodarczy Krajowego Rejestru S\u0105dowego, pod numerem KRS 0000221632, REGON: 015805930, pos\u0142uguj\u0105c\u0105 si\u0119 w obrocie gospodarczym numerem identyfikacji podatkowej NIP: 107-00-11-825<\/p>\n<p>Mediacom Warszawa sp. z o.o. z siedzib\u0105 w Warszawie (02-675) przy ul. Wo\u0142oskiej 24, wpisan\u0105 do rejestru przedsi\u0119biorc\u00f3w Krajowego Rejestru S\u0105dowego prowadzonego przez S\u0105d Rejonowy dla m. st. Warszawy w Warszawie, XIII Wydzia\u0142 Gospodarczy Krajowego Rejestru S\u0105dowego pod numerem KRS 0000050676, o kapitale zak\u0142adowym w wysoko\u015bci 52 800 z\u0142, pos\u0142uguj\u0105c\u0105 si\u0119 numerem NIP 525-13-47-382 oraz numerem REGON 012576096<\/p>\n<p>Mindshare Polska sp. z o.o. z siedzib\u0105 w Warszawie (02-593) przy ul. \u017baryna 2 B Budynek C, wpisan\u0105 do rejestru przedsi\u0119biorc\u00f3w Krajowego Rejestru S\u0105dowego prowadzonego przez S\u0105d Rejonowy dla m. st. Warszawy w Warszawie, XIII Wydzia\u0142 Gospodarczy Krajowego Rejestru S\u0105dowego pod numerem KRS 0000076677, pos\u0142uguj\u0105c\u0105 si\u0119 numerem NIP 525-22-25-250 oraz numerem REGON 016045562<\/p>\n<p>Wavemaker sp. z o.o. z siedzib\u0105 w Warszawie (02-593) przy ul. ul. \u017baryna 2B, Budynek D, 02-593, wpisanej do rejestru przedsi\u0119biorc\u00f3w Krajowego Rejestru S\u0105dowego prowadzonego przez S\u0105d Rejonowy dla m. st. Warszawy w Warszawie, Wydzia\u0142 XIII Gospodarczy KRS pod numerem 0000058177, pos\u0142uguj\u0105c\u0105 si\u0119 numerem NIP 525-21-94-029 oraz numerem REGON 016369046<br \/>w celach zwi\u0105zanych z prowadzeniem akcji akceleracyjnych, w tym promocyjnych, marketingowych i sprzeda\u017cowych.<\/p>\n<\/li>\n<li>KnowledgeHub Akcelerator nie planuje przekazywania danych osobowych do pa\u0144stw trzecich. W przypadku gdy zajdzie taka konieczno\u015b\u0107 odb\u0119dzie si\u0119 to w spos\u00f3b bezpieczny. W tym zakresie KnowledgeHub Akcelerator b\u0119dzie opiera\u0142 si\u0119 na:\n<ol>\n<li>standardowych klauzulach umownych przyj\u0119tych w ramach Unii Europejskiej (dotycz\u0105 one przekazywania danych przez podmiot w granicach UE poza Europejski Obszar Gospodarczy celem zapewnienia zgodno\u015bci z unijnymi przepisami o ochronie danych);<\/li>\n<li>umowie EU-US Privacy Shield (Tarcza Prywatno\u015bci), kt\u00f3ra chroni dane osobowe przekazywane do Stan\u00f3w Zjednoczonych.<\/li>\n<\/ol>\n<\/li>\n<li>W przypadku, gdy podstaw\u0105 przetwarzania danych osobowych jest zgoda w\u00f3wczas dane osobowe U\u017cytkownika Serwisu przetwarzane s\u0105 tak d\u0142ugo, a\u017c zgoda nie zostanie odwo\u0142ana, a po odwo\u0142aniu zgody przez okres niezb\u0119dny do dochodzenia lub obrony przed roszczeniami.<\/li>\n<li>W przypadku skierowania \u017c\u0105dania KnowledgeHub Akcelerator udost\u0119pnia dane osobowe uprawnionym organom pa\u0144stwowym, w szczeg\u00f3lno\u015bci jednostkom organizacyjnym Prokuratury, Policji, Prezesowi Urz\u0119du Ochrony Danych Osobowych, Prezesowi Urz\u0119du Ochrony Konkurencji i Konsument\u00f3w lub Prezesowi Urz\u0119du Komunikacji Elektronicznej.<\/li>\n<\/ol>\n<h2>PRAWA OS\u00d3B FIZYCZNYCH WYNIKAJ\u0104CE Z RODO<\/h2>\n<p>Ka\u017cda osoba, kt\u00f3rej dane dotycz\u0105 ma prawo do:<\/p>\n<ol>\n<li>\u017c\u0105dania dost\u0119pu do dotycz\u0105cych jej danych, kt\u00f3re znajduj\u0105 si\u0119 w posiadaniu KnowledgeHub Akcelerator, a tak\u017ce do informacji m.in. o celach przetwarzania, o odbiorcach lub kategoriach odbiorc\u00f3w, kt\u00f3rym dane osobowe zosta\u0142y lub zostan\u0105 ujawnione;<\/li>\n<li>sprostowania nieprawid\u0142owych danych osobowych lub uzupe\u0142nienia niekompletnych danych osobowych;<\/li>\n<li>usuni\u0119cia swoich danych osobowych, je\u017celi nie s\u0105 ju\u017c niezb\u0119dne do cel\u00f3w, w kt\u00f3rych zosta\u0142y zebrane lub w inny spos\u00f3b przetwarzane;<\/li>\n<li>w sytuacjach prawem przewidzianych \u2013 \u017c\u0105dania ograniczenia przetwarzania dotycz\u0105cych jej danych osobowych;<\/li>\n<li>przenoszenia danych osobowych, tj. do otrzymania od KnowledgeHub Akcelerator w ustrukturyzowanym, powszechnie u\u017cywanym formacie nadaj\u0105cym si\u0119 do odczytu maszynowego danych osobowych dostarczonych KnowledgeHub Akcelerator \u2013 na potrzeby w\u0142asne lub innego administratora danych;<\/li>\n<li>wniesienia sprzeciwu wobec przetwarzania \u2013 w zakresie, w jakim podstaw\u0105 przetwarzania danych<br \/>osobowych jest przes\u0142anka prawnie uzasadnionego interesu KnowledgeHub Akcelerator;<\/li>\n<li>w sytuacjach prawem przewidzianych \u2013 wniesienia sprzeciwu wobec przetwarzania na potrzeby marketingu bezpo\u015bredniego, w tym profilowania;<\/li>\n<li>wycofania swojej zgody w dowolnym czasie, je\u017celi dane osobowe s\u0105 przetwarzane na podstawie zgody;<\/li>\n<li>wniesienia skargi do organu nadzorczego zajmuj\u0105cego si\u0119 ochron\u0105 danych osobowych.<\/li>\n<\/ol>\n<h2>INSPEKTOR OCHRONY DANYCH<\/h2>\n<p>Na podstawie art. 37 ust. 1 RODO w KnowledgeHub Akcelerator wyznaczono Inspektora Ochrony Danych. Osoby, kt\u00f3rych dane dotycz\u0105 mog\u0105 kontaktowa\u0107 si\u0119 z Inspektorem Ochrony Danych we wszystkich sprawach zwi\u0105zanych z przetwarzaniem ich danych osobowych oraz z wykonywaniem praw przys\u0142uguj\u0105cych im na mocy RODO.<br \/>W celu umo\u017cliwienia kontaktu z Inspektorem Ochrony Danych nale\u017cy wys\u0142a\u0107 wiadomo\u015b\u0107 e-mail adres: <a href=\"mailto:hello@mspark.ac\" target=\"_blank\" rel=\"noopener\">hello@mspark.ac<\/a><br \/>Jednocze\u015bnie informujemy, \u017ce kontakt z Inspektorem Ochrony Danych jest mo\u017cliwy r\u00f3wnie\u017c poprzez adres korespondencyjny :<\/p>\n<p><strong>KnowledgeHub Akcelerator sp. z o.o.<\/strong><br \/>ul. Grzybowska 62<br \/>00-844 Warszawa<\/p>\n<h2>INFORMACJE O PLIKACH COOKIES<\/h2>\n<ol>\n<li>Serwis wykorzystuje pliki \u201ecookies\u201d (pojedyncze pliki tekstowe, wysy\u0142ane przez Serwis i zapisywane na urz\u0105dzeniu U\u017cytkownika Serwisu, kt\u00f3rych odczytanie jest mo\u017cliwe jedynie przez Serwis lub u\u017cytkownika urz\u0105dzenia; Serwis nie mo\u017ce mie\u0107 dost\u0119pu do innych plik\u00f3w znajduj\u0105cych si\u0119 na komputerze u\u017cytkownika), kt\u00f3re pozwalaj\u0105 na zapami\u0119tanie wybranych informacji o U\u017cytkownikach Serwisu i ich preferencjach. Pliki \u201ecookies\u201d oraz adres IP, za pomoc\u0105 kt\u00f3rego \u201ecookies\u201d zosta\u0142o zapisane na danym urz\u0105dzeniu, nie s\u0105 wi\u0105zane z konkretnymi osobami fizycznymi. Za ich pomoc\u0105 nie s\u0105 przetwarzane lub przechowywane dane osobowe, a jedynie informacje pozwalaj\u0105ce na:\n<ol>\n<li>personalizacj\u0119 wy\u015bwietlanych w Serwisie informacji i zaprezentowanie tre\u015bci dostosowanej do potrzeb U\u017cytkownika Serwisu;<\/li>\n<li>tworzenie statystyk ogl\u0105dalno\u015bci podstron portalu.<\/li>\n<\/ol>\n<\/li>\n<li>Serwis u\u017cywa dw\u00f3ch rodzaj\u00f3w ciasteczek:\n<ol>\n<li>sesyjnych, kt\u00f3re pozostaj\u0105 na urz\u0105dzeniu U\u017cytkownika Serwisu, a\u017c do opuszczenia strony internetowej lub zamkni\u0119cia przegl\u0105darki internetowej,<\/li>\n<li>sta\u0142ych, kt\u00f3re pozostaj\u0105 na urz\u0105dzeniu U\u017cytkownika Serwisu przez czas okre\u015blony w parametrach pliku albo do momentu ich r\u0119cznego usuni\u0119cia przez U\u017cytkownika Serwisu.<\/li>\n<\/ol>\n<\/li>\n<li>U\u017cytkownik Serwisu ma mo\u017cliwo\u015b\u0107 wy\u0142\u0105czenia obs\u0142ugi plik\u00f3w \u201ecookies\u201d w ustawieniach przegl\u0105darki internetowej.<\/li>\n<\/ol>\t\t\t\t\t\t<\/div>\n\t\t\t\t<\/div>\n\t\t\t\t\t<\/div>\n\t\t<\/div>\n\t\t\t\t\t\t\t<\/div>\n\t\t<\/section>\n\t\t\t\t\t\t\t<\/div>\n\t\t","protected":false},"excerpt":{"rendered":"<p>Polityka prywatno\u015bci Niniejsza polityka prywatno\u015bci (\u201ePolityka Prywatno\u015bci\u201d) okre\u015bla zasady przetwarzania danych osobowych pozyskanych za po\u015brednictwem serwisu internetowego, dost\u0119pnego pod adresem: www.mspark.ac (\u201eSerwis\u201d). W\u0142a\u015bcicielem Serwisu i Administratorem Danych Osobowych jest KnowledgeHub Akcelerator sp. z o.o. z siedzib\u0105 w Warszawie, aleja Jana Paw\u0142a II 27, 00-867 Warszawa, wpisana do rejestru przedsi\u0119biorc\u00f3w Krajowego Rejestru S\u0105dowego prowadzonego przez S\u0105d [&hellip;]<\/p>\n","protected":false},"author":1,"featured_media":0,"parent":0,"menu_order":0,"comment_status":"closed","ping_status":"closed","template":"","meta":{"footnotes":""},"yoast_head":"<!-- This site is optimized with the Yoast SEO plugin v21.1 - https:\/\/yoast.com\/wordpress\/plugins\/seo\/ -->\n<title>Private policy - mspark<\/title>\n<meta name=\"robots\" content=\"index, follow, max-snippet:-1, max-image-preview:large, max-video-preview:-1\" \/>\n<link rel=\"canonical\" href=\"https:\/\/mspark.ac\/ru\/private-policy\/\" \/>\n<meta property=\"og:locale\" content=\"en_US\" \/>\n<meta property=\"og:type\" content=\"article\" \/>\n<meta property=\"og:title\" content=\"Private policy - mspark\" \/>\n<meta property=\"og:description\" content=\"Polityka prywatno\u015bci Niniejsza polityka prywatno\u015bci (\u201ePolityka Prywatno\u015bci\u201d) okre\u015bla zasady przetwarzania danych osobowych pozyskanych za po\u015brednictwem serwisu internetowego, dost\u0119pnego pod adresem: www.mspark.ac (\u201eSerwis\u201d). W\u0142a\u015bcicielem Serwisu i Administratorem Danych Osobowych jest KnowledgeHub Akcelerator sp. z o.o. z siedzib\u0105 w Warszawie, aleja Jana Paw\u0142a II 27, 00-867 Warszawa, wpisana do rejestru przedsi\u0119biorc\u00f3w Krajowego Rejestru S\u0105dowego prowadzonego przez S\u0105d [&hellip;]\" \/>\n<meta property=\"og:url\" content=\"https:\/\/mspark.ac\/ru\/private-policy\/\" \/>\n<meta property=\"og:site_name\" content=\"mspark\" \/>\n<meta property=\"article:modified_time\" content=\"2020-11-25T13:49:36+00:00\" \/>\n<meta name=\"twitter:card\" content=\"summary_large_image\" \/>\n<meta name=\"twitter:label1\" content=\"Est. reading time\" \/>\n\t<meta name=\"twitter:data1\" content=\"7 minutes\" \/>\n<script type=\"application\/ld+json\" class=\"yoast-schema-graph\">{\"@context\":\"https:\/\/schema.org\",\"@graph\":[{\"@type\":\"WebPage\",\"@id\":\"https:\/\/mspark.ac\/ru\/private-policy\/\",\"url\":\"https:\/\/mspark.ac\/ru\/private-policy\/\",\"name\":\"Private policy - mspark\",\"isPartOf\":{\"@id\":\"https:\/\/mspark.ac\/ru\/#website\"},\"datePublished\":\"2020-08-27T06:55:49+00:00\",\"dateModified\":\"2020-11-25T13:49:36+00:00\",\"breadcrumb\":{\"@id\":\"https:\/\/mspark.ac\/ru\/private-policy\/#breadcrumb\"},\"inLanguage\":\"en-US\",\"potentialAction\":[{\"@type\":\"ReadAction\",\"target\":[\"https:\/\/mspark.ac\/ru\/private-policy\/\"]}]},{\"@type\":\"BreadcrumbList\",\"@id\":\"https:\/\/mspark.ac\/ru\/private-policy\/#breadcrumb\",\"itemListElement\":[{\"@type\":\"ListItem\",\"position\":1,\"name\":\"Strona g\u0142\u00f3wna\",\"item\":\"https:\/\/mspark.ac\/ru\/\"},{\"@type\":\"ListItem\",\"position\":2,\"name\":\"Private policy\"}]},{\"@type\":\"WebSite\",\"@id\":\"https:\/\/mspark.ac\/ru\/#website\",\"url\":\"https:\/\/mspark.ac\/ru\/\",\"name\":\"mspark\",\"description\":\"Platform for technological innovations in the area of MARTECH\",\"potentialAction\":[{\"@type\":\"SearchAction\",\"target\":{\"@type\":\"EntryPoint\",\"urlTemplate\":\"https:\/\/mspark.ac\/ru\/?s={search_term_string}\"},\"query-input\":\"required name=search_term_string\"}],\"inLanguage\":\"en-US\"}]}<\/script>\n<!-- \/ Yoast SEO plugin. -->","yoast_head_json":{"title":"Private policy - mspark","robots":{"index":"index","follow":"follow","max-snippet":"max-snippet:-1","max-image-preview":"max-image-preview:large","max-video-preview":"max-video-preview:-1"},"canonical":"https:\/\/mspark.ac\/ru\/private-policy\/","og_locale":"en_US","og_type":"article","og_title":"Private policy - mspark","og_description":"Polityka prywatno\u015bci Niniejsza polityka prywatno\u015bci (\u201ePolityka Prywatno\u015bci\u201d) okre\u015bla zasady przetwarzania danych osobowych pozyskanych za po\u015brednictwem serwisu internetowego, dost\u0119pnego pod adresem: www.mspark.ac (\u201eSerwis\u201d). W\u0142a\u015bcicielem Serwisu i Administratorem Danych Osobowych jest KnowledgeHub Akcelerator sp. z o.o. z siedzib\u0105 w Warszawie, aleja Jana Paw\u0142a II 27, 00-867 Warszawa, wpisana do rejestru przedsi\u0119biorc\u00f3w Krajowego Rejestru S\u0105dowego prowadzonego przez S\u0105d [&hellip;]","og_url":"https:\/\/mspark.ac\/ru\/private-policy\/","og_site_name":"mspark","article_modified_time":"2020-11-25T13:49:36+00:00","twitter_card":"summary_large_image","twitter_misc":{"Est. reading time":"7 minutes"},"schema":{"@context":"https:\/\/schema.org","@graph":[{"@type":"WebPage","@id":"https:\/\/mspark.ac\/ru\/private-policy\/","url":"https:\/\/mspark.ac\/ru\/private-policy\/","name":"Private policy - mspark","isPartOf":{"@id":"https:\/\/mspark.ac\/ru\/#website"},"datePublished":"2020-08-27T06:55:49+00:00","dateModified":"2020-11-25T13:49:36+00:00","breadcrumb":{"@id":"https:\/\/mspark.ac\/ru\/private-policy\/#breadcrumb"},"inLanguage":"en-US","potentialAction":[{"@type":"ReadAction","target":["https:\/\/mspark.ac\/ru\/private-policy\/"]}]},{"@type":"BreadcrumbList","@id":"https:\/\/mspark.ac\/ru\/private-policy\/#breadcrumb","itemListElement":[{"@type":"ListItem","position":1,"name":"Strona g\u0142\u00f3wna","item":"https:\/\/mspark.ac\/ru\/"},{"@type":"ListItem","position":2,"name":"Private policy"}]},{"@type":"WebSite","@id":"https:\/\/mspark.ac\/ru\/#website","url":"https:\/\/mspark.ac\/ru\/","name":"mspark","description":"Platform for technological innovations in the area of MARTECH","potentialAction":[{"@type":"SearchAction","target":{"@type":"EntryPoint","urlTemplate":"https:\/\/mspark.ac\/ru\/?s={search_term_string}"},"query-input":"required name=search_term_string"}],"inLanguage":"en-US"}]}},"_links":{"self":[{"href":"https:\/\/mspark.ac\/ru\/wp-json\/wp\/v2\/pages\/3"}],"collection":[{"href":"https:\/\/mspark.ac\/ru\/wp-json\/wp\/v2\/pages"}],"about":[{"href":"https:\/\/mspark.ac\/ru\/wp-json\/wp\/v2\/types\/page"}],"author":[{"embeddable":true,"href":"https:\/\/mspark.ac\/ru\/wp-json\/wp\/v2\/users\/1"}],"replies":[{"embeddable":true,"href":"https:\/\/mspark.ac\/ru\/wp-json\/wp\/v2\/comments?post=3"}],"version-history":[{"count":5,"href":"https:\/\/mspark.ac\/ru\/wp-json\/wp\/v2\/pages\/3\/revisions"}],"predecessor-version":[{"id":1312,"href":"https:\/\/mspark.ac\/ru\/wp-json\/wp\/v2\/pages\/3\/revisions\/1312"}],"wp:attachment":[{"href":"https:\/\/mspark.ac\/ru\/wp-json\/wp\/v2\/media?parent=3"}],"curies":[{"name":"wp","href":"https:\/\/api.w.org\/{rel}","templated":true}]}}